{"id":1301,"date":"2025-12-01T16:08:36","date_gmt":"2025-12-01T15:08:36","guid":{"rendered":"https:\/\/www.sunsargassum.com\/test\/?page_id=1301"},"modified":"2026-03-31T19:36:28","modified_gmt":"2026-03-31T17:36:28","slug":"faq","status":"publish","type":"page","link":"https:\/\/www.sunsargassum.com\/test\/?page_id=1301","title":{"rendered":"FAQ"},"content":{"rendered":"\t\t<div data-elementor-type=\"wp-page\" data-elementor-id=\"1301\" class=\"elementor elementor-1301\" data-elementor-post-type=\"page\">\n\t\t\t\t<div class=\"elementor-element elementor-element-ffcb33e e-flex e-con-boxed e-con e-parent\" data-id=\"ffcb33e\" data-element_type=\"container\" data-e-type=\"container\">\n\t\t\t\t\t<div class=\"e-con-inner\">\n\t\t\t\t<div class=\"elementor-element elementor-element-69b159bd elementor-widget elementor-widget-heading\" data-id=\"69b159bd\" data-element_type=\"widget\" data-e-type=\"widget\" data-widget_type=\"heading.default\">\n\t\t\t\t\t<h3 class=\"elementor-heading-title elementor-size-default\">FAQ<\/h3>\t\t\t\t<\/div>\n\t\t<div class=\"elementor-element elementor-element-70da5599 e-con-full e-flex e-con e-child\" data-id=\"70da5599\" data-element_type=\"container\" data-e-type=\"container\">\n\t\t\t\t<div class=\"elementor-element elementor-element-f31faa8 elementor-widget__width-inherit elementor-widget elementor-widget-toggle\" data-id=\"f31faa8\" data-element_type=\"widget\" data-e-type=\"widget\" data-widget_type=\"toggle.default\">\n\t\t\t\t\t\t\t<div class=\"elementor-toggle\">\n\t\t\t\t\t\t\t<div class=\"elementor-toggle-item\">\n\t\t\t\t\t<h4 id=\"elementor-tab-title-2541\" class=\"elementor-tab-title\" data-tab=\"1\" role=\"button\" aria-controls=\"elementor-tab-content-2541\" aria-expanded=\"false\">\n\t\t\t\t\t\t\t\t\t\t\t\t<a class=\"elementor-toggle-title\" tabindex=\"0\">Conditions G\u00e9n\u00e9rales de Vente<\/a>\n\t\t\t\t\t<\/h4>\n\n\t\t\t\t\t<div id=\"elementor-tab-content-2541\" class=\"elementor-tab-content elementor-clearfix\" data-tab=\"1\" role=\"region\" aria-labelledby=\"elementor-tab-title-2541\"><p>Les pr\u00e9sentes Conditions G\u00e9n\u00e9rales de Vente (ci-apr\u00e8s \u201cCGV\u201d) d\u00e9finissent les droits et obligations de :<\/p>\n<ol>\n<li><b>Sun Sargassum<\/b> et sa cr\u00e9atrice et artisan : Mme Bury comme \u201cle Vendeur\u201d,<\/li>\n<\/ol>\n<p style=\"padding-left: 40px;\">et toute personne physique ou morale effectuant un achat via le site internet [URL du site] ou par tout autre moyen, ci-apr\u00e8s d\u00e9nomm\u00e9e \u201cle Client\u201d.<\/p>\n<p style=\"padding-left: 40px;\">En effectuant une commande, le Client reconna\u00eet avoir pris connaissance et accept\u00e9 sans r\u00e9serve les pr\u00e9sentes CGV.<\/p>\n<ol start=\"2\">\n<li>Les cr\u00e9ations et services propos\u00e9s par le Vendeur sont ceux d\u00e9crits sur son site (sunsargassum.com) ou dans ses documents commerciaux.<\/li>\n<\/ol>\n<p style=\"padding-left: 40px;\">Le Vendeur s\u2019efforce de fournir des descriptions et images fid\u00e8les, mais ne garantit pas l\u2019exacte correspondance avec les produits livr\u00e9s (en raison des diff\u00e9rences d\u2019affichage des \u00e9crans).<\/p>\n<ol start=\"3\">\n<li>Les commandes<\/li>\n<\/ol>\n<div>&nbsp;<\/div>\n<p style=\"padding-left: 40px;\">3.1 Processus de commande<\/p>\n<p style=\"padding-left: 40px;\">Le Client peut passer commande via :<\/p>\n<ul>\n<li>Le site internet [sunsargassum.com] (shop bient\u00f4t disponible)<\/li>\n<li>Par e-mail via le formulaire de contact<\/li>\n<li>Achat en direct lors d\u2019un \u00e9v\u00e8nement<\/li>\n<\/ul>\n<p style=\"padding-left: 40px;\"><i>Toute commande est consid\u00e9r\u00e9e comme d\u00e9finitive apr\u00e8s r\u00e9ception du paiement, sauf mention contraire dans un accord sp\u00e9cifique.<\/i><\/p>\n<p style=\"padding-left: 40px;\"><i><b>Important: Sun Sargassum n&#8217;est ni sur Etsy, ni sur Amazon, ni sur toute autre plateforme de ce type!&nbsp;<\/b><\/i><\/p>\n<p style=\"padding-left: 40px;\">3.2 Refus de commande<\/p>\n<p style=\"padding-left: 40px;\"><i>Pas de commandes en dehors de l\u2019union europ\u00e9enne. Pour les r\u00e9sidents du Royaume-Uni, veuillez me contacter.<\/i><\/p>\n<p style=\"padding-left: 40px;\">Le Vendeur se r\u00e9serve le droit de refuser toute commande en cas de :<\/p>\n<ul>\n<li>Litige ant\u00e9rieur avec le Client<\/li>\n<li>Non-paiement total ou partiel d\u2019une commande pr\u00e9c\u00e9dente<\/li>\n<li>Erreur manifeste sur le prix affich\u00e9 due \u00e0 un bug informatique<\/li>\n<\/ul>\n<div>&nbsp;<\/div>\n<ol start=\"4\">\n<li>Prix et modalit\u00e9s de paiement<\/li>\n<\/ol>\n<div>&nbsp;<\/div>\n<p style=\"padding-left: 40px;\">4.1 Prix<\/p>\n<ul>\n<li>Les prix des produits sont indiqu\u00e9s en euros (\u20ac), toutes taxes comprises (TTC), sauf mention contraire.<\/li>\n<li>Les frais de livraison sont pr\u00e9cis\u00e9s avant la validation de la commande et ajout\u00e9s au prix final.<\/li>\n<\/ul>\n<div>&nbsp;<\/div>\n<p style=\"padding-left: 40px;\">4.2 Moyens de paiement<\/p>\n<p style=\"padding-left: 40px;\">Le paiement peut \u00eatre effectu\u00e9 par :<\/p>\n<ul>\n<li>Carte bancaire (Visa, Mastercard, Bancontact)<\/li>\n<li>Virement bancaire<\/li>\n<li>Paiement direct avec carte et QR code<\/li>\n<li>Toute autre m\u00e9thode sp\u00e9cifi\u00e9e sur le site<\/li>\n<\/ul>\n<div>&nbsp;<\/div>\n<p style=\"padding-left: 40px;\">Les paiements sont s\u00e9curis\u00e9s et g\u00e9r\u00e9s par notre prestataire de paiement.<\/p>\n<ol start=\"5\">\n<li>Livraison<\/li>\n<\/ol>\n<div>&nbsp;<\/div>\n<p style=\"padding-left: 40px;\"><i>Pas de livraison en dehors de l\u2019union europ\u00e9enne. Pour les r\u00e9sidents du Royaume-Uni, veuillez me contacter.<\/i><\/p>\n<p>&nbsp; &nbsp; &nbsp; &nbsp; 5.1 D\u00e9lais et frais de livraison<\/p>\n<ul>\n<li>Les d\u00e9lais de livraison sont indiqu\u00e9s \u00e0 titre estimatif et ne constituent pas un engagement contractuel.<\/li>\n<li>Le Client est tenu de v\u00e9rifier l\u2019\u00e9tat des produits \u00e0 r\u00e9ception et de signaler toute anomalie dans un d\u00e9lai de 48 heures.<\/li>\n<\/ul>\n<div>&nbsp;<\/div>\n<p style=\"padding-left: 40px;\">5.2 Transport et risques<\/p>\n<p style=\"padding-left: 40px;\">Les risques li\u00e9s au transport sont \u00e0 la charge du Vendeur jusqu\u2019\u00e0 la livraison effective au Client. Une fois la livraison effectu\u00e9e, les risques sont transf\u00e9r\u00e9s au Client.<\/p>\n<p style=\"padding-left: 40px;\">La livraison inclus le suivi, l\u2019assurance et demande une signature \u00e0 la r\u00e9ception.<\/p>\n<p style=\"padding-left: 40px;\">5.3&nbsp; Droits de douanes, taxes d\u2019importation ou frais \u00e0 payer \u00e0 la r\u00e9ception<\/p>\n<p style=\"padding-left: 40px;\">Le client est responsable du paiement des droits de douanes, des taxes d\u2019importation ou de frais \u00e0 payer \u00e0 la r\u00e9ception et doit \u00eatre au courant des loi d\u2019importation de leur pays avant d\u2019effectuer un achat.<\/p>\n<ol start=\"6\">\n<li>Droit de r\u00e9tractation (uniquement pour les clients)<\/li>\n<\/ol>\n<div>&nbsp;<\/div>\n<p style=\"padding-left: 40px;\">6.1 D\u00e9lai de r\u00e9tractation<\/p>\n<p style=\"padding-left: 40px;\"><b>Uniquement pour les achats sur le site internet<\/b><\/p>\n<ul>\n<li>Les clients ont 48h maximum \u00e0 partir de la reception pour demander un retour.&nbsp;<\/li>\n<\/ul>\n<div>&nbsp;<\/div>\n<p style=\"padding-left: 40px;\">6.2 Exceptions au droit de r\u00e9tractation<\/p>\n<ul>\n<li>Les cr\u00e9ations personnalis\u00e9es et sur mesure ne sont ni reprises ni \u00e9chang\u00e9es, ni rembours\u00e9es.<\/li>\n<li>Les services ex\u00e9cut\u00e9s avant la fin du d\u00e9lai de r\u00e9tractation avec accord du Client.<\/li>\n<li>La cr\u00e9ation a \u00e9t\u00e9 port\u00e9e ou endommag\u00e9e.<\/li>\n<li>La cr\u00e9ation n&#8217;est pas retourn\u00e9e au vendeur<\/li>\n<\/ul>\n<div>&nbsp;<\/div>\n<p style=\"padding-left: 40px;\">6.3 Modalit\u00e9s de retour<\/p>\n<p style=\"padding-left: 40px;\">Le Client doit notifier sa d\u00e9cision de r\u00e9tractation par \u00e9crit (e-mail, formulaire de contact ou courrier avec num\u00e9ro de commande).<\/p>\n<p style=\"padding-left: 40px;\">Les frais de retour sont \u00e0 la charge du Client, sauf en cas d\u2019erreur du Vendeur.<\/p>\n<p style=\"padding-left: 40px;\">6.4 Remboursement<\/p>\n<p style=\"padding-left: 40px;\">Le remboursement est effectu\u00e9 lorsque la cr\u00e9ation est re\u00e7ue et v\u00e9rifi\u00e9e. Il peut y avoir un d\u00e9lais de plusieurs jours ouvrable avant le remboursement.<\/p>\n<p style=\"padding-left: 40px;\">Le remboursement se fait sur le compte qui a \u00e9t\u00e9 utilis\u00e9 pour payer.&nbsp;<\/p>\n<ol start=\"7\">\n<li>Garanties et responsabilit\u00e9<\/li>\n<\/ol>\n<div>&nbsp;<\/div>\n<p style=\"padding-left: 40px;\">7.1 Garanties l\u00e9gales<\/p>\n<p style=\"padding-left: 40px;\">Chaque bijou est poin\u00e7onn\u00e9 par l&#8217;artisan sauf surface, structure trop fragile.<\/p>\n<p style=\"padding-left: 40px;\">7.2 Limitation de responsabilit\u00e9<\/p>\n<p style=\"padding-left: 40px;\">Le Vendeur ne peut \u00eatre tenu responsable des dommages indirects r\u00e9sultant de l\u2019utilisation des produits ou d\u2019une mauvaise installation par le Client.<\/p>\n<ol start=\"8\">\n<li>Protection des donn\u00e9es personnelles<\/li>\n<\/ol>\n<div>&nbsp;<\/div>\n<ul>\n<li>Le Vendeur respecte la l\u00e9gislation belge et le R\u00e8glement G\u00e9n\u00e9ral sur la Protection des Donn\u00e9es (RGPD).<\/li>\n<li>Les donn\u00e9es collect\u00e9es sont utilis\u00e9es uniquement pour la gestion des commandes et ne sont pas transmises \u00e0 des tiers sans consentement du Client.<\/li>\n<li>Le Client dispose d\u2019un droit d\u2019acc\u00e8s, de rectification et de suppression de ses donn\u00e9es (via le formulaire de contact)<\/li>\n<\/ul>\n<div>&nbsp;<\/div>\n<ol start=\"9\">\n<li>Propri\u00e9t\u00e9 intellectuelle<\/li>\n<\/ol>\n<div>&nbsp;<\/div>\n<p style=\"padding-left: 40px;\">Tous les \u00e9l\u00e9ments du site [URL du site] (textes, images, logos, etc.) sont prot\u00e9g\u00e9s par le droit d\u2019auteur et restent la propri\u00e9t\u00e9 exclusive du Vendeur. Toute reproduction ou exploitation sans autorisation est interdite et donne droit \u00e0 des poursuites.<\/p>\n<ol start=\"10\">\n<li>General Product Safety Regulation (GPSR):<\/li>\n<\/ol>\n<div>&nbsp;<\/div>\n<p style=\"padding-left: 40px;\">Les cr\u00e9ations vendues par SunSargassum sont faites principalement en argent sterling (925) ou en argentium (935), sauf si sp\u00e9cifi\u00e9 diff\u00e9remment, et ne sont pas pr\u00e9vues pour \u00eatre utilis\u00e9e par les enfants.<\/p>\n<p style=\"padding-left: 40px;\">Les bijoux doivent \u00eatre stock\u00e9s proprement et ne pas \u00eatre port\u00e9s pendant les activit\u00e9s sportives, le nettoyage ou tout autre activit\u00e9 physique.&nbsp;<\/p>\n<p style=\"padding-left: 40px;\">Eviter le contact avec l\u2019eau ou des produits pouvant endommager les bijoux.<\/p>\n<p style=\"padding-left: 40px;\">Pour nettoyer vos bijoux : nettoyer avec un tissu sp\u00e9cial pour nettoyer l\u2019argent ou avec un bain de nettoyage sp\u00e9cial pour l\u2019argent (se r\u00e9f\u00e9rer au produit utilis\u00e9).&nbsp; Attention: certaines pierres ne peuvent pas \u00eatre nettoy\u00e9es avec de l&#8217;eau ou des d\u00e9tergents m\u00eame sp\u00e9cialis\u00e9s. S&#8217;adresser au vendeur pour plus d&#8217;information.<\/p>\n<p style=\"padding-left: 40px;\">Eviter de stocker vos bijoux dans un endroit avec beaucoup d\u2019humidit\u00e9.<\/p>\n<p style=\"padding-left: 40px;\">S&#8217;adresser \u00e0 un professionnel en cas de probl\u00e8me.<\/p><\/div>\n\t\t\t\t<\/div>\n\t\t\t\t\t\t\t<div class=\"elementor-toggle-item\">\n\t\t\t\t\t<h4 id=\"elementor-tab-title-2542\" class=\"elementor-tab-title\" data-tab=\"2\" role=\"button\" aria-controls=\"elementor-tab-content-2542\" aria-expanded=\"false\">\n\t\t\t\t\t\t\t\t\t\t\t\t<a class=\"elementor-toggle-title\" tabindex=\"0\">Livraison, d\u00e9lais et frais de livraison<\/a>\n\t\t\t\t\t<\/h4>\n\n\t\t\t\t\t<div id=\"elementor-tab-content-2542\" class=\"elementor-tab-content elementor-clearfix\" data-tab=\"2\" role=\"region\" aria-labelledby=\"elementor-tab-title-2542\"><ol><li>Il faut compter entre 3 et 5 jours ouvrable pour l&#8217;exp\u00e9dition.<\/li><li>L&#8217;exp\u00e9dition se fait par envoi avec tra\u00e7abilit\u00e9 et assurance.<\/li><li>Le num\u00e9ro de tracking est envoy\u00e9 au client<\/li><li>Tarifs<\/li><\/ol><ul><li>Belgique<ul><li>Vers une adresse priv\u00e9e uniquement: TBA<\/li><\/ul><\/li><li>Pays de l&#8217;union europ\u00e9enne<ul><li>Vers une adresse priv\u00e9e uniquement: TBA<\/li><\/ul><\/li><li>Royaume-Uni<ul><li>Me contacter avant de commander svp!<\/li><\/ul><\/li><\/ul><div>\u00a0<\/div><\/div>\n\t\t\t\t<\/div>\n\t\t\t\t\t\t\t<div class=\"elementor-toggle-item\">\n\t\t\t\t\t<h4 id=\"elementor-tab-title-2543\" class=\"elementor-tab-title\" data-tab=\"3\" role=\"button\" aria-controls=\"elementor-tab-content-2543\" aria-expanded=\"false\">\n\t\t\t\t\t\t\t\t\t\t\t\t<a class=\"elementor-toggle-title\" tabindex=\"0\">Poincons de l'artisan<\/a>\n\t\t\t\t\t<\/h4>\n\n\t\t\t\t\t<div id=\"elementor-tab-content-2543\" class=\"elementor-tab-content elementor-clearfix\" data-tab=\"3\" role=\"region\" aria-labelledby=\"elementor-tab-title-2543\"><p>La loi Belge impose l&#8217;apposition de 2 poin\u00e7ons sur les m\u00e9taux pr\u00e9cieux tels que: l&#8217;or, l&#8217;argent et le platine:&nbsp;<\/p>\n<ul>\n<li>le poin\u00e7on d&#8217;artisan<\/li>\n<li>le poin\u00e7on de titre<\/li>\n<\/ul>\n<p>Ces poin\u00e7ons sont appos\u00e9s dans un endroit non visible.<\/p>\n<p>Pour certaines cr\u00e9ations, trop fragiles, les poin\u00e7ons peuvent ne pas \u00eatre appos\u00e9, idem pour tout article de 2g.<\/p><\/div>\n\t\t\t\t<\/div>\n\t\t\t\t\t\t\t<div class=\"elementor-toggle-item\">\n\t\t\t\t\t<h4 id=\"elementor-tab-title-2544\" class=\"elementor-tab-title\" data-tab=\"4\" role=\"button\" aria-controls=\"elementor-tab-content-2544\" aria-expanded=\"false\">\n\t\t\t\t\t\t\t\t\t\t\t\t<a class=\"elementor-toggle-title\" tabindex=\"0\">Vendez-vous sur Etsy et \u00eates-vous sur les r\u00e9seau sociaux?<\/a>\n\t\t\t\t\t<\/h4>\n\n\t\t\t\t\t<div id=\"elementor-tab-content-2544\" class=\"elementor-tab-content elementor-clearfix\" data-tab=\"4\" role=\"region\" aria-labelledby=\"elementor-tab-title-2544\"><ul><li><strong>NON! Je ne suis pas et ne vend pas sur Etsy<\/strong><ul><li>Leur promotion intempestive de produits plus que douteux (ultra fast fashion, articles \u00e0 la qualit\u00e9 douteuse, articles li\u00e9 \u00e0 la criminalit\u00e9, etc&#8230;) va \u00e0 l&#8217;encontre de mes valeurs.\u00a0<\/li><li>La politique d&#8217;Etsy par rapport au droits des artisans est abysmale. Plusieurs artisans bijoutiers utilisant leur service, et \u00e0 la r\u00e9putation irr\u00e9prochable, en ont fait les frais. Apr\u00e8s plainte d&#8217;un client, puis m\u00e9diation, Etsy a d\u00e9cid\u00e9 de rembourser. Mais, et c&#8217;est l\u00e0 ou cela devient litigieux, le client a \u00e9t\u00e9 autoris\u00e9 \u00e0 garder la cr\u00e9ation. Impossible pour l&#8217;artisan de faire appel&#8230; Et donc, si vous travaillez avec des m\u00e9taux pr\u00e9cieux, tels que l&#8217;argent, le manque \u00e0 gagner est significatif.\u00a0<\/li><li>Ils autorisent la vente de produits copi\u00e9s ou contrefait.<\/li><\/ul><\/li><\/ul><div>\u00a0<\/div><div style=\"padding-left: 40px;\">Vous l&#8217;aurez compris, je ne veux rien avoir \u00e0 faire avec cette entreprise.<\/div><div>\u00a0<\/div><ul><li>Alors, oui, je suis sur les r\u00e9seaux mais&#8230; avec beaucoup de mod\u00e9ration. Je m&#8217;explique, la politique des r\u00e9seaux sociaux se base sur des algorythmes qui mettent en valeur des cr\u00e9ateurs de contenu et pas ou peu les vrais artisans.<\/li><\/ul><p style=\"padding-left: 40px;\">En tant qu&#8217;utilisatrice de ces r\u00e9seaux, j&#8217;ai conscience que pour \u00eatre mise en avant par l&#8217;algorythme, je devrais poster et faire des reels \u00e0 un rythme effr\u00e9n\u00e9.<\/p><p style=\"padding-left: 40px;\">En cons\u00e9quence, je n&#8217;aurais pas le temps de faire mon m\u00e9tier d&#8217;artisant bijoutier de mani\u00e8re satisfaisante.<\/p><p style=\"padding-left: 40px;\">Je pr\u00e9f\u00e8re donc m&#8217;en tenir \u00e0 quelques vid\u00e9os, des posts pour les nouveaut\u00e9s et des story quand j&#8217;en ai l&#8217;envie et le temps.<\/p><p style=\"padding-left: 40px;\">Par contre, j&#8217;y fais de la publicit\u00e9 pour faire connaitre mon travail et agrandir ma client\u00e8le.<\/p><p style=\"padding-left: 40px;\">J&#8217;utilise principalement Instagram.<\/p><\/div>\n\t\t\t\t<\/div>\n\t\t\t\t\t\t\t<div class=\"elementor-toggle-item\">\n\t\t\t\t\t<h4 id=\"elementor-tab-title-2545\" class=\"elementor-tab-title\" data-tab=\"5\" role=\"button\" aria-controls=\"elementor-tab-content-2545\" aria-expanded=\"false\">\n\t\t\t\t\t\t\t\t\t\t\t\t<a class=\"elementor-toggle-title\" tabindex=\"0\">Cr\u00e9ation personnalis\u00e9e<\/a>\n\t\t\t\t\t<\/h4>\n\n\t\t\t\t\t<div id=\"elementor-tab-content-2545\" class=\"elementor-tab-content elementor-clearfix\" data-tab=\"5\" role=\"region\" aria-labelledby=\"elementor-tab-title-2545\"><p>Oui. Me contacter par email pour devis et disponibilit\u00e9s.<\/p><\/div>\n\t\t\t\t<\/div>\n\t\t\t\t\t\t\t<div class=\"elementor-toggle-item\">\n\t\t\t\t\t<h4 id=\"elementor-tab-title-2546\" class=\"elementor-tab-title\" data-tab=\"6\" role=\"button\" aria-controls=\"elementor-tab-content-2546\" aria-expanded=\"false\">\n\t\t\t\t\t\t\t\t\t\t\t\t<a class=\"elementor-toggle-title\" tabindex=\"0\">La fabrication des cr\u00e9ations<\/a>\n\t\t\t\t\t<\/h4>\n\n\t\t\t\t\t<div id=\"elementor-tab-content-2546\" class=\"elementor-tab-content elementor-clearfix\" data-tab=\"6\" role=\"region\" aria-labelledby=\"elementor-tab-title-2546\"><ul><li>Les cr\u00e9ations de Sun Sargassum sont con\u00e7ues et fabriqu\u00e9es par moi, Mary, dans mon atelier, \u00e0 Bruxelles, en Belgique.<\/li><li>Pour l&#8217;instant, je coule moi-m\u00eame mes cr\u00e9ations, mis \u00e0 part certaines fontes plus sp\u00e9cifiques.<\/li><li>Les choses qui ne peuvent pas \u00eatre faites par moi, dans mon atelier, sont faites par des artisans Belges que je connais bien. Cela inclut les fontes plus sp\u00e9cifiques, en r\u00e9sine par exemple, et le sertissage.<\/li><li>En ce qui concerne la 3D, je cr\u00e9e et j&#8217;imprime mes mod\u00e8les avec mon imprimante.<\/li><\/ul><\/div>\n\t\t\t\t<\/div>\n\t\t\t\t\t\t\t<div class=\"elementor-toggle-item\">\n\t\t\t\t\t<h4 id=\"elementor-tab-title-2547\" class=\"elementor-tab-title\" data-tab=\"7\" role=\"button\" aria-controls=\"elementor-tab-content-2547\" aria-expanded=\"false\">\n\t\t\t\t\t\t\t\t\t\t\t\t<a class=\"elementor-toggle-title\" tabindex=\"0\">Le prix des bijoux<\/a>\n\t\t\t\t\t<\/h4>\n\n\t\t\t\t\t<div id=\"elementor-tab-content-2547\" class=\"elementor-tab-content elementor-clearfix\" data-tab=\"7\" role=\"region\" aria-labelledby=\"elementor-tab-title-2547\"><p>Le prix d&#8217;un bijou refl\u00e8te :<\/p>\n<ul>\n<li>la mati\u00e8re premi\u00e8re utilis\u00e9e (argent, bronze, laiton ou or). L&#8217;argent et l&#8217;or ont fortement augment\u00e9 ces derni\u00e8res ann\u00e9es, le bronze et le laiton ont un co\u00fbt moindre et stable<\/li>\n<li>la ou les pierres semi-pr\u00e9cieuses utilis\u00e9es ou l&#8217;ambre taill\u00e9<\/li>\n<li>le temps de travail pass\u00e9 sur le bijou, c&#8217;est \u00e0 dire:\n<ul>\n<li>la conception<\/li>\n<li>la fabrication<\/li>\n<li>la sous traitance \u00e9ventuelle (sertissage, etc&#8230;)<\/li>\n<li>les finitions \u00e9ventuelles (dorure, patine, etc&#8230;)<\/li>\n<\/ul>\n<\/li>\n<li>le packaging<\/li>\n<li>les frais g\u00e9n\u00e9raux et les frais mat\u00e9riel (outils, consommables, machines \u00e0 amortir, etc&#8230;)<\/li>\n<li>Et bien entendu la TVA \u00e0 21%<\/li>\n<\/ul><\/div>\n\t\t\t\t<\/div>\n\t\t\t\t\t\t\t<div class=\"elementor-toggle-item\">\n\t\t\t\t\t<h4 id=\"elementor-tab-title-2548\" class=\"elementor-tab-title\" data-tab=\"8\" role=\"button\" aria-controls=\"elementor-tab-content-2548\" aria-expanded=\"false\">\n\t\t\t\t\t\t\t\t\t\t\t\t<a class=\"elementor-toggle-title\" tabindex=\"0\">Utilisez-vous l'IA pour les contenus du site? (photos, textes)<\/a>\n\t\t\t\t\t<\/h4>\n\n\t\t\t\t\t<div id=\"elementor-tab-content-2548\" class=\"elementor-tab-content elementor-clearfix\" data-tab=\"8\" role=\"region\" aria-labelledby=\"elementor-tab-title-2548\"><p>Non. Et je suis contre l&#8217;utilisation de l&#8217;IA pour g\u00e9n\u00e9rer du contenu.<\/p>\n<p>Je fais moi-m\u00eame mes photos et je les travaille afin de donner une id\u00e9e r\u00e9aliste des bijoux que je cr\u00e9e et vends. Je pr\u00e9f\u00e8re prendre les photos dans un environnement naturel ou sur mod\u00e8le.&nbsp;<\/p>\n<p>Pour les photos faites en box, elles sont toujours sur fond noir mis \u00e0 part pour la boutique ou je mets \u00e9ventuellement une photo sur font blanc ou une petite vid\u00e9o.&nbsp;<\/p><\/div>\n\t\t\t\t<\/div>\n\t\t\t\t\t\t\t<div class=\"elementor-toggle-item\">\n\t\t\t\t\t<h4 id=\"elementor-tab-title-2549\" class=\"elementor-tab-title\" data-tab=\"9\" role=\"button\" aria-controls=\"elementor-tab-content-2549\" aria-expanded=\"false\">\n\t\t\t\t\t\t\t\t\t\t\t\t<a class=\"elementor-toggle-title\" tabindex=\"0\">Tailles des bagues et bracelets.<\/a>\n\t\t\t\t\t<\/h4>\n\n\t\t\t\t\t<div id=\"elementor-tab-content-2549\" class=\"elementor-tab-content elementor-clearfix\" data-tab=\"9\" role=\"region\" aria-labelledby=\"elementor-tab-title-2549\"><p><b><i>Comment mesurer sa taille pour une bague ou un bracelet ?<\/i><\/b><\/p><ul><li>Le plus simple pour une bague est de se r\u00e9f\u00e9rer \u00e0 la taille d&#8217;une bague ou d&#8217;un bracelet de m\u00eame type.<\/li><li>On peut \u00e9galement mesurer son tour de doigts ou de poignet avec un m\u00e8tre ruban ou un fil que l&#8217;on reporte ensuite sur une latte.<\/li><li>Il existe aussi de petits outils de mesure pour les bagues et pour les bracelets (en plastique).<\/li><\/ul><div>\u00a0<\/div><p><b><i>Pour les bagues:<\/i><\/b><\/p><div>\u00a0<\/div><p>Les tailles les plus communes des bagues sont:<\/p><ol><li>pour les femmes<ul><li aria-level=\"1\"><strong>de 50 \u00e0 55<\/strong>\u00a0pour la majorit\u00e9 des doigts<\/li><li aria-level=\"1\"><strong>de 48 \u00e0 50<\/strong>\u00a0pour les doigts fins<\/li><li aria-level=\"1\"><strong>de 56 \u00e0 60<\/strong>\u00a0pour des doigts plus forts<\/li><\/ul><\/li><li aria-level=\"1\">pour les hommes<ul><li aria-level=\"1\"><strong>58 \u00e0 62<\/strong>\u00a0pour la majorit\u00e9 des doigts<\/li><li aria-level=\"1\"><strong>63 \u00e0 66<\/strong>\u00a0pour les\u00a0doigts plus forts<\/li><\/ul><\/li><\/ol><p>A savoir:<\/p><ul><li aria-level=\"1\">Une bague\u00a0fine se porte \u00e0 la taille exacte.<\/li><li aria-level=\"1\">Une bague plus large peut n\u00e9cessiter une demi-taille ou une taille de plus pour un confort optimum.<\/li><li aria-level=\"1\">Certains doigts ont des articulations plus larges dont il faut tenir compte.<\/li><\/ul><p>Une bague doit \u00eatre confortable \u00e0 porter et ne dois pas bouger.<\/p><p><b>\u00a0<\/b><\/p><p><b><i>Pour les bracelets:<\/i><\/b><\/p><p>Apr\u00e8s avoir mesur\u00e9 votre tour de poignet,\u00a0<\/p><p>pour les bracelets avec ouverture ou fermoir:<\/p><ul><li>utilisez la mesure obetenue + <strong>0,5 cm<\/strong> si vous voulez un bracelet ajust\u00e9<\/li><li>ajoutez <strong>1 \u00e0 1,5 cm<\/strong> \u00e0 la mesure si vous voulez un bracelet pr\u00e8s de la peau mais qui pourra bouger avec vos mouvements<\/li><li>ajoutez <strong>1,5 \u00e0 2,5 cm<\/strong> \u00e0 votre mesure pour le porter plus l\u00e2che (c\u00e0d qu&#8217;il puisse bouger plus avec vos mouvements)<\/li><\/ul><div>\u00a0<\/div><div>\u00a0<\/div><p>pour les bracelets rigides de type &#8216;jonc&#8217;, c&#8217;est \u00e0 dire sans ouverture. Il faut mesurer l&#8217;endroit le plus large de la main en repliant le pouce.<\/p><p>Cela permettra d&#8217;\u00eatre certain que le bracelet pourra passer mais qu&#8217;il ne glissera pas.<\/p><\/div>\n\t\t\t\t<\/div>\n\t\t\t\t\t\t\t\t<\/div>\n\t\t\t\t\t\t<\/div>\n\t\t\t\t<\/div>\n\t\t\t\t\t<\/div>\n\t\t\t\t<\/div>\n\t\t\t\t<\/div>\n\t\t","protected":false},"excerpt":{"rendered":"<p>FAQ Conditions G\u00e9n\u00e9rales de Vente Les pr\u00e9sentes Conditions G\u00e9n\u00e9rales de Vente (ci-apr\u00e8s \u201cCGV\u201d) d\u00e9finissent les droits et obligations de : Sun Sargassum et sa cr\u00e9atrice et artisan : Mme Bury comme \u201cle Vendeur\u201d, et toute personne physique ou morale effectuant un achat via le site internet [URL du site] ou par tout autre moyen, ci-apr\u00e8s [&hellip;]<\/p>\n","protected":false},"author":1,"featured_media":0,"parent":0,"menu_order":0,"comment_status":"closed","ping_status":"closed","template":"","meta":{"footnotes":""},"class_list":["post-1301","page","type-page","status-publish","hentry"],"_links":{"self":[{"href":"https:\/\/www.sunsargassum.com\/test\/index.php?rest_route=\/wp\/v2\/pages\/1301","targetHints":{"allow":["GET"]}}],"collection":[{"href":"https:\/\/www.sunsargassum.com\/test\/index.php?rest_route=\/wp\/v2\/pages"}],"about":[{"href":"https:\/\/www.sunsargassum.com\/test\/index.php?rest_route=\/wp\/v2\/types\/page"}],"author":[{"embeddable":true,"href":"https:\/\/www.sunsargassum.com\/test\/index.php?rest_route=\/wp\/v2\/users\/1"}],"replies":[{"embeddable":true,"href":"https:\/\/www.sunsargassum.com\/test\/index.php?rest_route=%2Fwp%2Fv2%2Fcomments&post=1301"}],"version-history":[{"count":79,"href":"https:\/\/www.sunsargassum.com\/test\/index.php?rest_route=\/wp\/v2\/pages\/1301\/revisions"}],"predecessor-version":[{"id":2739,"href":"https:\/\/www.sunsargassum.com\/test\/index.php?rest_route=\/wp\/v2\/pages\/1301\/revisions\/2739"}],"wp:attachment":[{"href":"https:\/\/www.sunsargassum.com\/test\/index.php?rest_route=%2Fwp%2Fv2%2Fmedia&parent=1301"}],"curies":[{"name":"wp","href":"https:\/\/api.w.org\/{rel}","templated":true}]}}